{"id":886,"date":"2025-10-14T11:25:22","date_gmt":"2025-10-14T09:25:22","guid":{"rendered":"http:\/\/fwhweyu.cluster100.hosting.ovh.net\/?page_id=886"},"modified":"2025-11-04T16:06:25","modified_gmt":"2025-11-04T15:06:25","slug":"blog-by-celesti","status":"publish","type":"page","link":"https:\/\/www.by-celestia.com\/fr\/blog-by-celesti\/","title":{"rendered":"Blog"},"content":{"rendered":"\t\t<div data-elementor-type=\"wp-page\" data-elementor-id=\"886\" class=\"elementor elementor-886\" data-elementor-post-type=\"page\">\n\t\t\t\t<div class=\"elementor-element elementor-element-526ba4f e-con-full e-flex e-con e-parent\" data-id=\"526ba4f\" data-element_type=\"container\" data-e-type=\"container\" data-settings=\"{&quot;background_background&quot;:&quot;classic&quot;}\">\n\t\t\t\t<div class=\"elementor-element elementor-element-b7d0893 elementor-widget elementor-widget-text-editor\" data-id=\"b7d0893\" data-element_type=\"widget\" data-e-type=\"widget\" data-widget_type=\"text-editor.default\">\n\t\t\t\t\t\t\t\t\t<h1 style=\"color: white; text-shadow: 0 2px 6px rgba(0, 0, 0, 0.3);\">Blog<\/h1>\t\t\t\t\t\t\t\t<\/div>\n\t\t\t\t<\/div>\n\t\t<div class=\"elementor-element elementor-element-97a97bb e-flex e-con-boxed e-con e-parent\" data-id=\"97a97bb\" data-element_type=\"container\" data-e-type=\"container\">\n\t\t\t\t\t<div class=\"e-con-inner\">\n\t\t\t\t<div class=\"elementor-element elementor-element-6f1d507 elementor-widget elementor-widget-text-editor\" data-id=\"6f1d507\" data-element_type=\"widget\" data-e-type=\"widget\" data-widget_type=\"text-editor.default\">\n\t\t\t\t\t\t\t\t\t<h2><b>L\u2019Observatoire By Celestia <span style=\"color: #222052;\">:<\/span><\/b><\/h2><h2><b><span style=\"color: #222052;\"> anticiper, d\u00e9cider, se distinguer<\/span><span style=\"color: #d2b68a;\">.<\/span><\/b><\/h2>\t\t\t\t\t\t\t\t<\/div>\n\t\t\t\t\t<\/div>\n\t\t\t\t<\/div>\n\t\t<div class=\"elementor-element elementor-element-d92987e e-flex e-con-boxed e-con e-parent\" data-id=\"d92987e\" data-element_type=\"container\" data-e-type=\"container\">\n\t\t\t\t\t<div class=\"e-con-inner\">\n\t\t\t\t<div class=\"elementor-element elementor-element-d21a250 elementor-grid-3 elementor-grid-tablet-2 elementor-grid-mobile-1 elementor-posts--thumbnail-top elementor-posts--show-avatar elementor-card-shadow-yes elementor-posts__hover-gradient elementor-widget elementor-widget-posts\" data-id=\"d21a250\" data-element_type=\"widget\" data-e-type=\"widget\" data-settings=\"{&quot;cards_columns&quot;:&quot;3&quot;,&quot;cards_columns_tablet&quot;:&quot;2&quot;,&quot;cards_columns_mobile&quot;:&quot;1&quot;,&quot;cards_row_gap&quot;:{&quot;unit&quot;:&quot;px&quot;,&quot;size&quot;:35,&quot;sizes&quot;:[]},&quot;cards_row_gap_tablet&quot;:{&quot;unit&quot;:&quot;px&quot;,&quot;size&quot;:&quot;&quot;,&quot;sizes&quot;:[]},&quot;cards_row_gap_mobile&quot;:{&quot;unit&quot;:&quot;px&quot;,&quot;size&quot;:&quot;&quot;,&quot;sizes&quot;:[]}}\" data-widget_type=\"posts.cards\">\n\t\t\t\t<div class=\"elementor-widget-container\">\n\t\t\t\t\t\t\t<div class=\"elementor-posts-container elementor-posts elementor-posts--skin-cards elementor-grid\" role=\"list\">\n\t\t\t\t<article class=\"elementor-post elementor-grid-item post-2639 post type-post status-publish format-standard has-post-thumbnail hentry category-non-categorise category-strategie\" role=\"listitem\">\n\t\t\t<div class=\"elementor-post__card\">\n\t\t\t\t<a class=\"elementor-post__thumbnail__link\" href=\"https:\/\/www.by-celestia.com\/fr\/elementor-2639\/\" tabindex=\"-1\" ><div class=\"elementor-post__thumbnail\"><img fetchpriority=\"high\" decoding=\"async\" width=\"300\" height=\"168\" src=\"https:\/\/www.by-celestia.com\/wp-content\/uploads\/2025\/10\/kevinroza_Cinematic_hyper-realistic_scene_of_top_executives_wal_150c13b1-614f-47ee-aead-fa508b3fe465-300x168.webp\" class=\"attachment-medium size-medium wp-image-361\" alt=\"Photo de dirigeants salon tech\" srcset=\"https:\/\/www.by-celestia.com\/wp-content\/uploads\/2025\/10\/kevinroza_Cinematic_hyper-realistic_scene_of_top_executives_wal_150c13b1-614f-47ee-aead-fa508b3fe465-300x168.webp 300w, https:\/\/www.by-celestia.com\/wp-content\/uploads\/2025\/10\/kevinroza_Cinematic_hyper-realistic_scene_of_top_executives_wal_150c13b1-614f-47ee-aead-fa508b3fe465-1024x574.webp 1024w, https:\/\/www.by-celestia.com\/wp-content\/uploads\/2025\/10\/kevinroza_Cinematic_hyper-realistic_scene_of_top_executives_wal_150c13b1-614f-47ee-aead-fa508b3fe465-768x430.webp 768w, https:\/\/www.by-celestia.com\/wp-content\/uploads\/2025\/10\/kevinroza_Cinematic_hyper-realistic_scene_of_top_executives_wal_150c13b1-614f-47ee-aead-fa508b3fe465-1536x861.webp 1536w, https:\/\/www.by-celestia.com\/wp-content\/uploads\/2025\/10\/kevinroza_Cinematic_hyper-realistic_scene_of_top_executives_wal_150c13b1-614f-47ee-aead-fa508b3fe465-2048x1148.webp 2048w\" sizes=\"(max-width: 300px) 100vw, 300px\" \/><\/div><\/a>\n\t\t\t\t<div class=\"elementor-post__avatar\">\n\t\t\t<img alt='admin4118' src='https:\/\/secure.gravatar.com\/avatar\/867d7ebc94ec6f42c933ff04446d4299f9f8c5497d18b62c338a918e77125bd5?s=128&#038;d=mm&#038;r=g' srcset='https:\/\/secure.gravatar.com\/avatar\/867d7ebc94ec6f42c933ff04446d4299f9f8c5497d18b62c338a918e77125bd5?s=256&#038;d=mm&#038;r=g 2x' class='avatar avatar-128 photo' height='128' width='128' \/>\t\t<\/div>\n\t\t\t\t<div class=\"elementor-post__text\">\n\t\t\t\t<h3 class=\"elementor-post__title\">\n\t\t\t<a href=\"https:\/\/www.by-celestia.com\/fr\/elementor-2639\/\" >\n\t\t\t\t5 erreurs que fait un dirigeant en salon tech\t\t\t<\/a>\n\t\t<\/h3>\n\t\t\t\t<div class=\"elementor-post__excerpt\">\n\t\t\t<p>5 erreurs que fait un dirigeanten salon tech. Participer \u00e0 un salon technologique en tant que dirigeant est une opportunit\u00e9 strat\u00e9gique, \u00e0 condition de ne<\/p>\n\t\t<\/div>\n\t\t\n\t\t<a class=\"elementor-post__read-more\" href=\"https:\/\/www.by-celestia.com\/fr\/elementor-2639\/\" aria-label=\"En savoir plus sur 5 erreurs que fait un dirigeant en salon tech\" tabindex=\"-1\" >\n\t\t\tLire la suite \t\t<\/a>\n\n\t\t\t\t<\/div>\n\t\t\t\t<div class=\"elementor-post__meta-data\">\n\t\t\t\t\t<span class=\"elementor-post-date\">\n\t\t\t02\/11\/2025\t\t<\/span>\n\t\t\t\t<span class=\"elementor-post-avatar\">\n\t\t\tAucun commentaire\t\t<\/span>\n\t\t\t\t<\/div>\n\t\t\t\t\t<\/div>\n\t\t<\/article>\n\t\t\t\t<\/div>\n\t\t\n\t\t\t\t\t\t<\/div>\n\t\t\t\t<\/div>\n\t\t\t\t\t<\/div>\n\t\t\t\t<\/div>\n\t\t<div class=\"elementor-element elementor-element-b0a02ef e-flex e-con-boxed e-con e-parent\" data-id=\"b0a02ef\" data-element_type=\"container\" data-e-type=\"container\">\n\t\t\t\t\t<div class=\"e-con-inner\">\n\t\t\t\t<div class=\"elementor-element elementor-element-618f57e elementor-widget elementor-widget-spacer\" data-id=\"618f57e\" data-element_type=\"widget\" data-e-type=\"widget\" data-widget_type=\"spacer.default\">\n\t\t\t\t\t\t\t<div class=\"elementor-spacer\">\n\t\t\t<div class=\"elementor-spacer-inner\"><\/div>\n\t\t<\/div>\n\t\t\t\t\t\t<\/div>\n\t\t\t\t\t<\/div>\n\t\t\t\t<\/div>\n\t\t\t\t<\/div>\n\t\t","protected":false},"excerpt":{"rendered":"<p>Blog L\u2019Observatoire By Celestia : anticiper, d\u00e9cider, se distinguer.<\/p>\n","protected":false},"author":1,"featured_media":1060,"parent":0,"menu_order":0,"comment_status":"closed","ping_status":"closed","template":"","meta":{"footnotes":""},"class_list":["post-886","page","type-page","status-publish","has-post-thumbnail","hentry"],"yoast_head":"<!-- This site is optimized with the Yoast SEO plugin v27.3 - https:\/\/yoast.com\/product\/yoast-seo-wordpress\/ -->\n<title>Blog - By Celestia<\/title>\n<meta name=\"description\" content=\"D\u00e9couvrez nos articles sur les parcours VIP pour dirigeants, conseils, tendances tech et exp\u00e9riences exclusives By Celestia.\" \/>\n<meta name=\"robots\" content=\"index, follow, max-snippet:-1, max-image-preview:large, max-video-preview:-1\" \/>\n<link rel=\"canonical\" href=\"https:\/\/www.by-celestia.com\/fr\/blog-by-celesti\/\" \/>\n<meta property=\"og:locale\" content=\"fr_FR\" \/>\n<meta property=\"og:type\" content=\"article\" \/>\n<meta property=\"og:title\" content=\"Blog - By Celestia\" \/>\n<meta property=\"og:description\" content=\"D\u00e9couvrez nos articles sur les parcours VIP pour dirigeants, conseils, tendances tech et exp\u00e9riences exclusives By Celestia.\" \/>\n<meta property=\"og:url\" content=\"https:\/\/www.by-celestia.com\/fr\/blog-by-celesti\/\" \/>\n<meta property=\"og:site_name\" content=\"By Celestia\" \/>\n<meta property=\"article:modified_time\" content=\"2025-11-04T15:06:25+00:00\" \/>\n<meta property=\"og:image\" content=\"https:\/\/www.by-celestia.com\/wp-content\/uploads\/2025\/10\/kevinroza_A_confident_business_executive_in_an_elegant_suit_p_aaae4c9c-c01d-4bc4-bdc1-bd208f518e13_2_11zon.jpg\" \/>\n\t<meta property=\"og:image:width\" content=\"928\" \/>\n\t<meta property=\"og:image:height\" content=\"1232\" \/>\n\t<meta property=\"og:image:type\" content=\"image\/jpeg\" \/>\n<meta name=\"twitter:card\" content=\"summary_large_image\" \/>\n<meta name=\"twitter:label1\" content=\"Dur\u00e9e de lecture estim\u00e9e\" \/>\n\t<meta name=\"twitter:data1\" content=\"1 minute\" \/>\n<script type=\"application\/ld+json\" class=\"yoast-schema-graph\">{\"@context\":\"https:\\\/\\\/schema.org\",\"@graph\":[{\"@type\":\"WebPage\",\"@id\":\"https:\\\/\\\/www.by-celestia.com\\\/fr\\\/blog-by-celesti\\\/\",\"url\":\"https:\\\/\\\/www.by-celestia.com\\\/fr\\\/blog-by-celesti\\\/\",\"name\":\"Blog - By Celestia\",\"isPartOf\":{\"@id\":\"https:\\\/\\\/www.by-celestia.com\\\/fr\\\/#website\"},\"primaryImageOfPage\":{\"@id\":\"https:\\\/\\\/www.by-celestia.com\\\/fr\\\/blog-by-celesti\\\/#primaryimage\"},\"image\":{\"@id\":\"https:\\\/\\\/www.by-celestia.com\\\/fr\\\/blog-by-celesti\\\/#primaryimage\"},\"thumbnailUrl\":\"https:\\\/\\\/www.by-celestia.com\\\/wp-content\\\/uploads\\\/2025\\\/10\\\/kevinroza_A_confident_business_executive_in_an_elegant_suit_p_aaae4c9c-c01d-4bc4-bdc1-bd208f518e13_2_11zon.jpg\",\"datePublished\":\"2025-10-14T09:25:22+00:00\",\"dateModified\":\"2025-11-04T15:06:25+00:00\",\"description\":\"D\u00e9couvrez nos articles sur les parcours VIP pour dirigeants, conseils, tendances tech et exp\u00e9riences exclusives By Celestia.\",\"breadcrumb\":{\"@id\":\"https:\\\/\\\/www.by-celestia.com\\\/fr\\\/blog-by-celesti\\\/#breadcrumb\"},\"inLanguage\":\"fr-FR\",\"potentialAction\":[{\"@type\":\"ReadAction\",\"target\":[\"https:\\\/\\\/www.by-celestia.com\\\/fr\\\/blog-by-celesti\\\/\"]}]},{\"@type\":\"ImageObject\",\"inLanguage\":\"fr-FR\",\"@id\":\"https:\\\/\\\/www.by-celestia.com\\\/fr\\\/blog-by-celesti\\\/#primaryimage\",\"url\":\"https:\\\/\\\/www.by-celestia.com\\\/wp-content\\\/uploads\\\/2025\\\/10\\\/kevinroza_A_confident_business_executive_in_an_elegant_suit_p_aaae4c9c-c01d-4bc4-bdc1-bd208f518e13_2_11zon.jpg\",\"contentUrl\":\"https:\\\/\\\/www.by-celestia.com\\\/wp-content\\\/uploads\\\/2025\\\/10\\\/kevinroza_A_confident_business_executive_in_an_elegant_suit_p_aaae4c9c-c01d-4bc4-bdc1-bd208f518e13_2_11zon.jpg\",\"width\":928,\"height\":1232,\"caption\":\"Photo Dirigeant jouant aux \u00e9checs - avantage strat\u00e9gique - Blog\"},{\"@type\":\"BreadcrumbList\",\"@id\":\"https:\\\/\\\/www.by-celestia.com\\\/fr\\\/blog-by-celesti\\\/#breadcrumb\",\"itemListElement\":[{\"@type\":\"ListItem\",\"position\":1,\"name\":\"Accueil\",\"item\":\"https:\\\/\\\/www.by-celestia.com\\\/fr\\\/\"},{\"@type\":\"ListItem\",\"position\":2,\"name\":\"Blog\"}]},{\"@type\":\"WebSite\",\"@id\":\"https:\\\/\\\/www.by-celestia.com\\\/fr\\\/#website\",\"url\":\"https:\\\/\\\/www.by-celestia.com\\\/fr\\\/\",\"name\":\"By Celestia\",\"description\":\"L\u2019excellence du voyage d\u2019affaires sur-mesure\",\"publisher\":{\"@id\":\"https:\\\/\\\/www.by-celestia.com\\\/fr\\\/#organization\"},\"potentialAction\":[{\"@type\":\"SearchAction\",\"target\":{\"@type\":\"EntryPoint\",\"urlTemplate\":\"https:\\\/\\\/www.by-celestia.com\\\/fr\\\/?s={search_term_string}\"},\"query-input\":{\"@type\":\"PropertyValueSpecification\",\"valueRequired\":true,\"valueName\":\"search_term_string\"}}],\"inLanguage\":\"fr-FR\"},{\"@type\":\"Organization\",\"@id\":\"https:\\\/\\\/www.by-celestia.com\\\/fr\\\/#organization\",\"name\":\"By Celestia\",\"url\":\"https:\\\/\\\/www.by-celestia.com\\\/fr\\\/\",\"logo\":{\"@type\":\"ImageObject\",\"inLanguage\":\"fr-FR\",\"@id\":\"https:\\\/\\\/www.by-celestia.com\\\/fr\\\/#\\\/schema\\\/logo\\\/image\\\/\",\"url\":\"https:\\\/\\\/www.by-celestia.com\\\/wp-content\\\/uploads\\\/2025\\\/10\\\/Logo-noir-arriere-plan-blanc-500-px.png\",\"contentUrl\":\"https:\\\/\\\/www.by-celestia.com\\\/wp-content\\\/uploads\\\/2025\\\/10\\\/Logo-noir-arriere-plan-blanc-500-px.png\",\"width\":500,\"height\":500,\"caption\":\"By Celestia\"},\"image\":{\"@id\":\"https:\\\/\\\/www.by-celestia.com\\\/fr\\\/#\\\/schema\\\/logo\\\/image\\\/\"}}]}<\/script>\n<!-- \/ Yoast SEO plugin. -->","yoast_head_json":{"title":"Blog - By Celestia","description":"D\u00e9couvrez nos articles sur les parcours VIP pour dirigeants, conseils, tendances tech et exp\u00e9riences exclusives By Celestia.","robots":{"index":"index","follow":"follow","max-snippet":"max-snippet:-1","max-image-preview":"max-image-preview:large","max-video-preview":"max-video-preview:-1"},"canonical":"https:\/\/www.by-celestia.com\/fr\/blog-by-celesti\/","og_locale":"fr_FR","og_type":"article","og_title":"Blog - By Celestia","og_description":"D\u00e9couvrez nos articles sur les parcours VIP pour dirigeants, conseils, tendances tech et exp\u00e9riences exclusives By Celestia.","og_url":"https:\/\/www.by-celestia.com\/fr\/blog-by-celesti\/","og_site_name":"By Celestia","article_modified_time":"2025-11-04T15:06:25+00:00","og_image":[{"width":928,"height":1232,"url":"https:\/\/www.by-celestia.com\/wp-content\/uploads\/2025\/10\/kevinroza_A_confident_business_executive_in_an_elegant_suit_p_aaae4c9c-c01d-4bc4-bdc1-bd208f518e13_2_11zon.jpg","type":"image\/jpeg"}],"twitter_card":"summary_large_image","twitter_misc":{"Dur\u00e9e de lecture estim\u00e9e":"1 minute"},"schema":{"@context":"https:\/\/schema.org","@graph":[{"@type":"WebPage","@id":"https:\/\/www.by-celestia.com\/fr\/blog-by-celesti\/","url":"https:\/\/www.by-celestia.com\/fr\/blog-by-celesti\/","name":"Blog - By Celestia","isPartOf":{"@id":"https:\/\/www.by-celestia.com\/fr\/#website"},"primaryImageOfPage":{"@id":"https:\/\/www.by-celestia.com\/fr\/blog-by-celesti\/#primaryimage"},"image":{"@id":"https:\/\/www.by-celestia.com\/fr\/blog-by-celesti\/#primaryimage"},"thumbnailUrl":"https:\/\/www.by-celestia.com\/wp-content\/uploads\/2025\/10\/kevinroza_A_confident_business_executive_in_an_elegant_suit_p_aaae4c9c-c01d-4bc4-bdc1-bd208f518e13_2_11zon.jpg","datePublished":"2025-10-14T09:25:22+00:00","dateModified":"2025-11-04T15:06:25+00:00","description":"D\u00e9couvrez nos articles sur les parcours VIP pour dirigeants, conseils, tendances tech et exp\u00e9riences exclusives By Celestia.","breadcrumb":{"@id":"https:\/\/www.by-celestia.com\/fr\/blog-by-celesti\/#breadcrumb"},"inLanguage":"fr-FR","potentialAction":[{"@type":"ReadAction","target":["https:\/\/www.by-celestia.com\/fr\/blog-by-celesti\/"]}]},{"@type":"ImageObject","inLanguage":"fr-FR","@id":"https:\/\/www.by-celestia.com\/fr\/blog-by-celesti\/#primaryimage","url":"https:\/\/www.by-celestia.com\/wp-content\/uploads\/2025\/10\/kevinroza_A_confident_business_executive_in_an_elegant_suit_p_aaae4c9c-c01d-4bc4-bdc1-bd208f518e13_2_11zon.jpg","contentUrl":"https:\/\/www.by-celestia.com\/wp-content\/uploads\/2025\/10\/kevinroza_A_confident_business_executive_in_an_elegant_suit_p_aaae4c9c-c01d-4bc4-bdc1-bd208f518e13_2_11zon.jpg","width":928,"height":1232,"caption":"Photo Dirigeant jouant aux \u00e9checs - avantage strat\u00e9gique - Blog"},{"@type":"BreadcrumbList","@id":"https:\/\/www.by-celestia.com\/fr\/blog-by-celesti\/#breadcrumb","itemListElement":[{"@type":"ListItem","position":1,"name":"Accueil","item":"https:\/\/www.by-celestia.com\/fr\/"},{"@type":"ListItem","position":2,"name":"Blog"}]},{"@type":"WebSite","@id":"https:\/\/www.by-celestia.com\/fr\/#website","url":"https:\/\/www.by-celestia.com\/fr\/","name":"By Celestia","description":"L\u2019excellence du voyage d\u2019affaires sur-mesure","publisher":{"@id":"https:\/\/www.by-celestia.com\/fr\/#organization"},"potentialAction":[{"@type":"SearchAction","target":{"@type":"EntryPoint","urlTemplate":"https:\/\/www.by-celestia.com\/fr\/?s={search_term_string}"},"query-input":{"@type":"PropertyValueSpecification","valueRequired":true,"valueName":"search_term_string"}}],"inLanguage":"fr-FR"},{"@type":"Organization","@id":"https:\/\/www.by-celestia.com\/fr\/#organization","name":"By Celestia","url":"https:\/\/www.by-celestia.com\/fr\/","logo":{"@type":"ImageObject","inLanguage":"fr-FR","@id":"https:\/\/www.by-celestia.com\/fr\/#\/schema\/logo\/image\/","url":"https:\/\/www.by-celestia.com\/wp-content\/uploads\/2025\/10\/Logo-noir-arriere-plan-blanc-500-px.png","contentUrl":"https:\/\/www.by-celestia.com\/wp-content\/uploads\/2025\/10\/Logo-noir-arriere-plan-blanc-500-px.png","width":500,"height":500,"caption":"By Celestia"},"image":{"@id":"https:\/\/www.by-celestia.com\/fr\/#\/schema\/logo\/image\/"}}]}},"_links":{"self":[{"href":"https:\/\/www.by-celestia.com\/fr\/wp-json\/wp\/v2\/pages\/886","targetHints":{"allow":["GET"]}}],"collection":[{"href":"https:\/\/www.by-celestia.com\/fr\/wp-json\/wp\/v2\/pages"}],"about":[{"href":"https:\/\/www.by-celestia.com\/fr\/wp-json\/wp\/v2\/types\/page"}],"author":[{"embeddable":true,"href":"https:\/\/www.by-celestia.com\/fr\/wp-json\/wp\/v2\/users\/1"}],"replies":[{"embeddable":true,"href":"https:\/\/www.by-celestia.com\/fr\/wp-json\/wp\/v2\/comments?post=886"}],"version-history":[{"count":60,"href":"https:\/\/www.by-celestia.com\/fr\/wp-json\/wp\/v2\/pages\/886\/revisions"}],"predecessor-version":[{"id":2871,"href":"https:\/\/www.by-celestia.com\/fr\/wp-json\/wp\/v2\/pages\/886\/revisions\/2871"}],"wp:featuredmedia":[{"embeddable":true,"href":"https:\/\/www.by-celestia.com\/fr\/wp-json\/wp\/v2\/media\/1060"}],"wp:attachment":[{"href":"https:\/\/www.by-celestia.com\/fr\/wp-json\/wp\/v2\/media?parent=886"}],"curies":[{"name":"wp","href":"https:\/\/api.w.org\/{rel}","templated":true}]}}