{"id":1151,"date":"2025-10-16T09:04:19","date_gmt":"2025-10-16T07:04:19","guid":{"rendered":"http:\/\/fwhweyu.cluster100.hosting.ovh.net\/?page_id=1151"},"modified":"2025-10-16T09:13:08","modified_gmt":"2025-10-16T07:13:08","slug":"politique-de-confidentialite-cookies","status":"publish","type":"page","link":"https:\/\/www.by-celestia.com\/fr\/politique-de-confidentialite-cookies\/","title":{"rendered":"Politique de confidentialit\u00e9 et Cookies"},"content":{"rendered":"\t\t<div data-elementor-type=\"wp-page\" data-elementor-id=\"1151\" class=\"elementor elementor-1151\" data-elementor-post-type=\"page\">\n\t\t\t\t<div class=\"elementor-element elementor-element-bb2a410 e-flex e-con-boxed e-con e-parent\" data-id=\"bb2a410\" data-element_type=\"container\" data-e-type=\"container\">\n\t\t\t\t\t<div class=\"e-con-inner\">\n\t\t\t\t<div class=\"elementor-element elementor-element-cbc3e0a elementor-widget elementor-widget-spacer\" data-id=\"cbc3e0a\" data-element_type=\"widget\" data-e-type=\"widget\" data-widget_type=\"spacer.default\">\n\t\t\t\t\t\t\t<div class=\"elementor-spacer\">\n\t\t\t<div class=\"elementor-spacer-inner\"><\/div>\n\t\t<\/div>\n\t\t\t\t\t\t<\/div>\n\t\t\t\t\t<\/div>\n\t\t\t\t<\/div>\n\t\t<div class=\"elementor-element elementor-element-0b3b044 e-flex e-con-boxed e-con e-parent\" data-id=\"0b3b044\" data-element_type=\"container\" data-e-type=\"container\">\n\t\t\t\t\t<div class=\"e-con-inner\">\n\t\t\t\t<div class=\"elementor-element elementor-element-2c6bcc5 elementor-widget elementor-widget-text-editor\" data-id=\"2c6bcc5\" data-element_type=\"widget\" data-e-type=\"widget\" data-widget_type=\"text-editor.default\">\n\t\t\t\t\t\t\t\t\t<h2>Politique de confidentialit\u00e9 &amp; Cookies<\/h2><h3>1. Introduction<\/h3><p>La pr\u00e9sente politique de confidentialit\u00e9 d\u00e9crit la mani\u00e8re dont <strong>By Celestia<\/strong> collecte, utilise et prot\u00e8ge les donn\u00e9es personnelles des utilisateurs lors de la navigation sur le site <strong>www.by-celestia.com<\/strong>.<br \/>By Celestia s\u2019engage \u00e0 respecter la confidentialit\u00e9 des informations collect\u00e9es et \u00e0 les traiter conform\u00e9ment au <strong>R\u00e8glement G\u00e9n\u00e9ral sur la Protection des Donn\u00e9es (RGPD)<\/strong> et \u00e0 la <strong>loi Informatique et Libert\u00e9s<\/strong>.<\/p><h3>2. Responsable du traitement<\/h3><p>Le responsable du traitement des donn\u00e9es est :<br \/><strong>By Celestia<\/strong><br \/>[Adresse du si\u00e8ge social \u00e0 compl\u00e9ter]<br \/>Email : <a href=\"mailto:contact@by-celestia.com\">contact@by-celestia.com<\/a><\/p><h3>3. Donn\u00e9es collect\u00e9es<\/h3><p>By Celestia peut collecter plusieurs types de donn\u00e9es personnelles, notamment :<\/p><ul><li>Nom, pr\u00e9nom<\/li><li>Adresse e-mail<\/li><li>Num\u00e9ro de t\u00e9l\u00e9phone<\/li><li>Soci\u00e9t\u00e9 et fonction<\/li><li>Donn\u00e9es techniques de navigation (adresse IP, navigateur, pages consult\u00e9es, dur\u00e9e de visite)<\/li><\/ul><p>Ces donn\u00e9es sont collect\u00e9es lorsque vous remplissez un formulaire, naviguez sur le site ou interagissez avec nos services.<\/p><h3>4. Finalit\u00e9s du traitement<\/h3><p>Les donn\u00e9es sont utilis\u00e9es pour :<\/p><ul><li>R\u00e9pondre \u00e0 vos demandes de contact<\/li><li>Envoyer des communications personnalis\u00e9es (avec votre consentement)<\/li><li>Am\u00e9liorer le fonctionnement du site<\/li><li>Respecter les obligations l\u00e9gales<\/li><\/ul><h3>5. Base l\u00e9gale du traitement<\/h3><p>Les traitements reposent sur :<\/p><ul><li>Votre <strong>consentement<\/strong><\/li><li>L\u2019<strong>ex\u00e9cution d\u2019un contrat<\/strong><\/li><li>Le <strong>respect d\u2019une obligation l\u00e9gale<\/strong><\/li><li>L\u2019<strong>int\u00e9r\u00eat l\u00e9gitime<\/strong> de By Celestia<\/li><\/ul><h3>6. Dur\u00e9e de conservation<\/h3><p>Les donn\u00e9es sont conserv\u00e9es pour :<\/p><ul><li>Formulaires de contact : 3 ans apr\u00e8s le dernier \u00e9change<\/li><li>Donn\u00e9es de facturation : 10 ans<\/li><li>Cookies : 13 mois maximum<\/li><\/ul><h3>7. Droits des utilisateurs<\/h3><p>Conform\u00e9ment au RGPD, vous disposez des droits suivants :<\/p><ul><li>Droit d\u2019acc\u00e8s, de rectification, d\u2019effacement<\/li><li>Droit d\u2019opposition et de limitation<\/li><li>Droit \u00e0 la portabilit\u00e9<\/li><li>Droit de retirer votre consentement<\/li><\/ul><p>Vous pouvez exercer vos droits en \u00e9crivant \u00e0 <a href=\"mailto:contact@by-celestia.com\">contact@by-celestia.com<\/a> ou par courrier \u00e0 l\u2019adresse du si\u00e8ge social.<br \/>En cas de d\u00e9saccord, vous pouvez saisir la <a href=\"https:\/\/www.cnil.fr\" target=\"_blank\" rel=\"noopener\">CNIL<\/a>.<\/p><h3>8. S\u00e9curit\u00e9 des donn\u00e9es<\/h3><p>By Celestia met en \u0153uvre des mesures techniques et organisationnelles adapt\u00e9es pour prot\u00e9ger vos donn\u00e9es contre toute perte, utilisation abusive, acc\u00e8s non autoris\u00e9 ou divulgation.<\/p><h3>9. Politique de cookies<\/h3><h4>9.1 D\u00e9finition<\/h4><p>Un cookie est un petit fichier enregistr\u00e9 sur votre terminal lorsque vous visitez un site. Il permet de stocker des informations relatives \u00e0 votre navigation pour am\u00e9liorer votre exp\u00e9rience utilisateur.<\/p><h4>9.2 Types de cookies utilis\u00e9s<\/h4><ul><li><strong>Cookies n\u00e9cessaires :<\/strong> assurent le bon fonctionnement du site<\/li><li><strong>Cookies analytiques :<\/strong> mesurent la fr\u00e9quentation et les performances<\/li><li><strong>Cookies marketing :<\/strong> personnalisent les contenus et publicit\u00e9s<\/li><\/ul><h4>9.3 Gestion des cookies<\/h4><p>Lors de votre premi\u00e8re visite, une banni\u00e8re de consentement s\u2019affiche pour vous permettre d\u2019accepter, refuser ou personnaliser les cookies. Vous pouvez \u00e0 tout moment modifier vos pr\u00e9f\u00e9rences via le bouton \u201cG\u00e9rer mes cookies\u201d ou dans les param\u00e8tres de votre navigateur.<\/p><h4>9.4 Dur\u00e9e de conservation<\/h4><p>Les cookies sont conserv\u00e9s pour une dur\u00e9e maximale de 13 mois.<\/p><h3>10. Modifications de la politique<\/h3><p>By Celestia se r\u00e9serve le droit de modifier cette politique \u00e0 tout moment. Les changements prendront effet d\u00e8s leur publication sur le site.<\/p><p><em>Derni\u00e8re mise \u00e0 jour :\u00a0<\/em><\/p><p><em>16\/10\/2025<\/em><\/p>\t\t\t\t\t\t\t\t<\/div>\n\t\t\t\t\t<\/div>\n\t\t\t\t<\/div>\n\t\t\t\t<\/div>\n\t\t","protected":false},"excerpt":{"rendered":"<p>Politique de confidentialit\u00e9 &amp; Cookies 1. Introduction La pr\u00e9sente politique de confidentialit\u00e9 d\u00e9crit la mani\u00e8re dont By Celestia collecte, utilise et prot\u00e8ge les donn\u00e9es personnelles des utilisateurs lors de la navigation sur le site www.by-celestia.com.By Celestia s\u2019engage \u00e0 respecter la confidentialit\u00e9 des informations collect\u00e9es et \u00e0 les traiter conform\u00e9ment au R\u00e8glement G\u00e9n\u00e9ral sur la Protection [&hellip;]<\/p>\n","protected":false},"author":1,"featured_media":0,"parent":0,"menu_order":0,"comment_status":"closed","ping_status":"closed","template":"elementor_header_footer","meta":{"footnotes":""},"class_list":["post-1151","page","type-page","status-publish","hentry"],"yoast_head":"<!-- This site is optimized with the Yoast SEO plugin v27.3 - https:\/\/yoast.com\/product\/yoast-seo-wordpress\/ -->\n<title>Politique de confidentialit\u00e9 et Cookies - By Celestia<\/title>\n<meta name=\"robots\" content=\"index, follow, max-snippet:-1, max-image-preview:large, max-video-preview:-1\" \/>\n<link rel=\"canonical\" href=\"https:\/\/www.by-celestia.com\/fr\/politique-de-confidentialite-cookies\/\" \/>\n<meta property=\"og:locale\" content=\"fr_FR\" \/>\n<meta property=\"og:type\" content=\"article\" \/>\n<meta property=\"og:title\" content=\"Politique de confidentialit\u00e9 et Cookies - By Celestia\" \/>\n<meta property=\"og:description\" content=\"Politique de confidentialit\u00e9 &amp; Cookies 1. Introduction La pr\u00e9sente politique de confidentialit\u00e9 d\u00e9crit la mani\u00e8re dont By Celestia collecte, utilise et prot\u00e8ge les donn\u00e9es personnelles des utilisateurs lors de la navigation sur le site www.by-celestia.com.By Celestia s\u2019engage \u00e0 respecter la confidentialit\u00e9 des informations collect\u00e9es et \u00e0 les traiter conform\u00e9ment au R\u00e8glement G\u00e9n\u00e9ral sur la Protection [&hellip;]\" \/>\n<meta property=\"og:url\" content=\"https:\/\/www.by-celestia.com\/fr\/politique-de-confidentialite-cookies\/\" \/>\n<meta property=\"og:site_name\" content=\"By Celestia\" \/>\n<meta property=\"article:modified_time\" content=\"2025-10-16T07:13:08+00:00\" \/>\n<meta property=\"og:image\" content=\"https:\/\/www.by-celestia.com\/wp-content\/uploads\/2025\/10\/Logo-noir-arriere-plan-blanc-1000-px.png\" \/>\n\t<meta property=\"og:image:width\" content=\"1001\" \/>\n\t<meta property=\"og:image:height\" content=\"1000\" \/>\n\t<meta property=\"og:image:type\" content=\"image\/png\" \/>\n<meta name=\"twitter:card\" content=\"summary_large_image\" \/>\n<meta name=\"twitter:label1\" content=\"Dur\u00e9e de lecture estim\u00e9e\" \/>\n\t<meta name=\"twitter:data1\" content=\"3 minutes\" \/>\n<script type=\"application\/ld+json\" class=\"yoast-schema-graph\">{\"@context\":\"https:\\\/\\\/schema.org\",\"@graph\":[{\"@type\":\"WebPage\",\"@id\":\"https:\\\/\\\/www.by-celestia.com\\\/fr\\\/politique-de-confidentialite-cookies\\\/\",\"url\":\"https:\\\/\\\/www.by-celestia.com\\\/fr\\\/politique-de-confidentialite-cookies\\\/\",\"name\":\"Politique de confidentialit\u00e9 et Cookies - By Celestia\",\"isPartOf\":{\"@id\":\"https:\\\/\\\/www.by-celestia.com\\\/fr\\\/#website\"},\"datePublished\":\"2025-10-16T07:04:19+00:00\",\"dateModified\":\"2025-10-16T07:13:08+00:00\",\"breadcrumb\":{\"@id\":\"https:\\\/\\\/www.by-celestia.com\\\/fr\\\/politique-de-confidentialite-cookies\\\/#breadcrumb\"},\"inLanguage\":\"fr-FR\",\"potentialAction\":[{\"@type\":\"ReadAction\",\"target\":[\"https:\\\/\\\/www.by-celestia.com\\\/fr\\\/politique-de-confidentialite-cookies\\\/\"]}]},{\"@type\":\"BreadcrumbList\",\"@id\":\"https:\\\/\\\/www.by-celestia.com\\\/fr\\\/politique-de-confidentialite-cookies\\\/#breadcrumb\",\"itemListElement\":[{\"@type\":\"ListItem\",\"position\":1,\"name\":\"Accueil\",\"item\":\"https:\\\/\\\/www.by-celestia.com\\\/fr\\\/\"},{\"@type\":\"ListItem\",\"position\":2,\"name\":\"Politique de confidentialit\u00e9 et Cookies\"}]},{\"@type\":\"WebSite\",\"@id\":\"https:\\\/\\\/www.by-celestia.com\\\/fr\\\/#website\",\"url\":\"https:\\\/\\\/www.by-celestia.com\\\/fr\\\/\",\"name\":\"By Celestia\",\"description\":\"L\u2019excellence du voyage d\u2019affaires sur-mesure\",\"publisher\":{\"@id\":\"https:\\\/\\\/www.by-celestia.com\\\/fr\\\/#organization\"},\"potentialAction\":[{\"@type\":\"SearchAction\",\"target\":{\"@type\":\"EntryPoint\",\"urlTemplate\":\"https:\\\/\\\/www.by-celestia.com\\\/fr\\\/?s={search_term_string}\"},\"query-input\":{\"@type\":\"PropertyValueSpecification\",\"valueRequired\":true,\"valueName\":\"search_term_string\"}}],\"inLanguage\":\"fr-FR\"},{\"@type\":\"Organization\",\"@id\":\"https:\\\/\\\/www.by-celestia.com\\\/fr\\\/#organization\",\"name\":\"By Celestia\",\"url\":\"https:\\\/\\\/www.by-celestia.com\\\/fr\\\/\",\"logo\":{\"@type\":\"ImageObject\",\"inLanguage\":\"fr-FR\",\"@id\":\"https:\\\/\\\/www.by-celestia.com\\\/fr\\\/#\\\/schema\\\/logo\\\/image\\\/\",\"url\":\"https:\\\/\\\/www.by-celestia.com\\\/wp-content\\\/uploads\\\/2025\\\/10\\\/Logo-noir-arriere-plan-blanc-500-px.png\",\"contentUrl\":\"https:\\\/\\\/www.by-celestia.com\\\/wp-content\\\/uploads\\\/2025\\\/10\\\/Logo-noir-arriere-plan-blanc-500-px.png\",\"width\":500,\"height\":500,\"caption\":\"By Celestia\"},\"image\":{\"@id\":\"https:\\\/\\\/www.by-celestia.com\\\/fr\\\/#\\\/schema\\\/logo\\\/image\\\/\"}}]}<\/script>\n<!-- \/ Yoast SEO plugin. -->","yoast_head_json":{"title":"Politique de confidentialit\u00e9 et Cookies - By Celestia","robots":{"index":"index","follow":"follow","max-snippet":"max-snippet:-1","max-image-preview":"max-image-preview:large","max-video-preview":"max-video-preview:-1"},"canonical":"https:\/\/www.by-celestia.com\/fr\/politique-de-confidentialite-cookies\/","og_locale":"fr_FR","og_type":"article","og_title":"Politique de confidentialit\u00e9 et Cookies - By Celestia","og_description":"Politique de confidentialit\u00e9 &amp; Cookies 1. Introduction La pr\u00e9sente politique de confidentialit\u00e9 d\u00e9crit la mani\u00e8re dont By Celestia collecte, utilise et prot\u00e8ge les donn\u00e9es personnelles des utilisateurs lors de la navigation sur le site www.by-celestia.com.By Celestia s\u2019engage \u00e0 respecter la confidentialit\u00e9 des informations collect\u00e9es et \u00e0 les traiter conform\u00e9ment au R\u00e8glement G\u00e9n\u00e9ral sur la Protection [&hellip;]","og_url":"https:\/\/www.by-celestia.com\/fr\/politique-de-confidentialite-cookies\/","og_site_name":"By Celestia","article_modified_time":"2025-10-16T07:13:08+00:00","og_image":[{"width":1001,"height":1000,"url":"https:\/\/www.by-celestia.com\/wp-content\/uploads\/2025\/10\/Logo-noir-arriere-plan-blanc-1000-px.png","type":"image\/png"}],"twitter_card":"summary_large_image","twitter_misc":{"Dur\u00e9e de lecture estim\u00e9e":"3 minutes"},"schema":{"@context":"https:\/\/schema.org","@graph":[{"@type":"WebPage","@id":"https:\/\/www.by-celestia.com\/fr\/politique-de-confidentialite-cookies\/","url":"https:\/\/www.by-celestia.com\/fr\/politique-de-confidentialite-cookies\/","name":"Politique de confidentialit\u00e9 et Cookies - By Celestia","isPartOf":{"@id":"https:\/\/www.by-celestia.com\/fr\/#website"},"datePublished":"2025-10-16T07:04:19+00:00","dateModified":"2025-10-16T07:13:08+00:00","breadcrumb":{"@id":"https:\/\/www.by-celestia.com\/fr\/politique-de-confidentialite-cookies\/#breadcrumb"},"inLanguage":"fr-FR","potentialAction":[{"@type":"ReadAction","target":["https:\/\/www.by-celestia.com\/fr\/politique-de-confidentialite-cookies\/"]}]},{"@type":"BreadcrumbList","@id":"https:\/\/www.by-celestia.com\/fr\/politique-de-confidentialite-cookies\/#breadcrumb","itemListElement":[{"@type":"ListItem","position":1,"name":"Accueil","item":"https:\/\/www.by-celestia.com\/fr\/"},{"@type":"ListItem","position":2,"name":"Politique de confidentialit\u00e9 et Cookies"}]},{"@type":"WebSite","@id":"https:\/\/www.by-celestia.com\/fr\/#website","url":"https:\/\/www.by-celestia.com\/fr\/","name":"By Celestia","description":"L\u2019excellence du voyage d\u2019affaires sur-mesure","publisher":{"@id":"https:\/\/www.by-celestia.com\/fr\/#organization"},"potentialAction":[{"@type":"SearchAction","target":{"@type":"EntryPoint","urlTemplate":"https:\/\/www.by-celestia.com\/fr\/?s={search_term_string}"},"query-input":{"@type":"PropertyValueSpecification","valueRequired":true,"valueName":"search_term_string"}}],"inLanguage":"fr-FR"},{"@type":"Organization","@id":"https:\/\/www.by-celestia.com\/fr\/#organization","name":"By Celestia","url":"https:\/\/www.by-celestia.com\/fr\/","logo":{"@type":"ImageObject","inLanguage":"fr-FR","@id":"https:\/\/www.by-celestia.com\/fr\/#\/schema\/logo\/image\/","url":"https:\/\/www.by-celestia.com\/wp-content\/uploads\/2025\/10\/Logo-noir-arriere-plan-blanc-500-px.png","contentUrl":"https:\/\/www.by-celestia.com\/wp-content\/uploads\/2025\/10\/Logo-noir-arriere-plan-blanc-500-px.png","width":500,"height":500,"caption":"By Celestia"},"image":{"@id":"https:\/\/www.by-celestia.com\/fr\/#\/schema\/logo\/image\/"}}]}},"_links":{"self":[{"href":"https:\/\/www.by-celestia.com\/fr\/wp-json\/wp\/v2\/pages\/1151","targetHints":{"allow":["GET"]}}],"collection":[{"href":"https:\/\/www.by-celestia.com\/fr\/wp-json\/wp\/v2\/pages"}],"about":[{"href":"https:\/\/www.by-celestia.com\/fr\/wp-json\/wp\/v2\/types\/page"}],"author":[{"embeddable":true,"href":"https:\/\/www.by-celestia.com\/fr\/wp-json\/wp\/v2\/users\/1"}],"replies":[{"embeddable":true,"href":"https:\/\/www.by-celestia.com\/fr\/wp-json\/wp\/v2\/comments?post=1151"}],"version-history":[{"count":5,"href":"https:\/\/www.by-celestia.com\/fr\/wp-json\/wp\/v2\/pages\/1151\/revisions"}],"predecessor-version":[{"id":1157,"href":"https:\/\/www.by-celestia.com\/fr\/wp-json\/wp\/v2\/pages\/1151\/revisions\/1157"}],"wp:attachment":[{"href":"https:\/\/www.by-celestia.com\/fr\/wp-json\/wp\/v2\/media?parent=1151"}],"curies":[{"name":"wp","href":"https:\/\/api.w.org\/{rel}","templated":true}]}}