{"id":1145,"date":"2025-10-16T08:57:28","date_gmt":"2025-10-16T06:57:28","guid":{"rendered":"http:\/\/fwhweyu.cluster100.hosting.ovh.net\/?page_id=1145"},"modified":"2025-12-18T21:59:45","modified_gmt":"2025-12-18T20:59:45","slug":"mentions-legales-conditions-generales-dutilisation","status":"publish","type":"page","link":"https:\/\/www.by-celestia.com\/fr\/mentions-legales-conditions-generales-dutilisation\/","title":{"rendered":"Mentions l\u00e9gales &amp; Conditions g\u00e9n\u00e9rales d\u2019utilisation"},"content":{"rendered":"\t\t<div data-elementor-type=\"wp-page\" data-elementor-id=\"1145\" class=\"elementor elementor-1145\" data-elementor-post-type=\"page\">\n\t\t\t\t<div class=\"elementor-element elementor-element-cc129cc e-flex e-con-boxed e-con e-parent\" data-id=\"cc129cc\" data-element_type=\"container\" data-e-type=\"container\">\n\t\t\t\t\t<div class=\"e-con-inner\">\n\t\t\t\t<div class=\"elementor-element elementor-element-4855461 elementor-widget elementor-widget-spacer\" data-id=\"4855461\" data-element_type=\"widget\" data-e-type=\"widget\" data-widget_type=\"spacer.default\">\n\t\t\t\t\t\t\t<div class=\"elementor-spacer\">\n\t\t\t<div class=\"elementor-spacer-inner\"><\/div>\n\t\t<\/div>\n\t\t\t\t\t\t<\/div>\n\t\t\t\t\t<\/div>\n\t\t\t\t<\/div>\n\t\t<div class=\"elementor-element elementor-element-8aa25a9 e-flex e-con-boxed e-con e-parent\" data-id=\"8aa25a9\" data-element_type=\"container\" data-e-type=\"container\">\n\t\t\t\t\t<div class=\"e-con-inner\">\n\t\t\t\t<div class=\"elementor-element elementor-element-f35ba72 elementor-widget elementor-widget-text-editor\" data-id=\"f35ba72\" data-element_type=\"widget\" data-e-type=\"widget\" data-widget_type=\"text-editor.default\">\n\t\t\t\t\t\t\t\t\t<h2>1. Informations l\u00e9gales<\/h2><p><strong>\u00c9diteur du site :<\/strong> By Celestia<\/p><p><strong>Forme juridique :<\/strong> Soci\u00e9t\u00e9 par Actions Simplifi\u00e9e (SAS)<\/p><p><strong>Capital social : <\/strong>1 000 \u20ac<\/p><p><strong>Si\u00e8ge social :<\/strong> 60 Rue Fran\u00e7ois 1er, 75008 &#8211; Paris, France<\/p><p><strong>Adresse e-mail :<\/strong> contact@by-celestia.com<\/p><p><strong>Num\u00e9ro SIREN : <\/strong>994 207 330<\/p><p><strong>RCS : <\/strong>Paris<\/p><p><strong>Num\u00e9ro de TVA intracommunautaire : <\/strong>FR7501.994207330<\/p><p><strong>Directeur de la publication :<\/strong> Jimmy Bideault<\/p><p><strong>Responsable de la r\u00e9daction :<\/strong> Alain Gaudefroy<\/p><p><strong>H\u00e9bergement :<\/strong><br \/>OVH SAS \u2013 2 rue Kellermann \u2013 59100 Roubaix \u2013 France<br \/>T\u00e9l. : 09 72 10 10 07 \u2013 Site web : <a href=\"https:\/\/www.ovhcloud.com\" target=\"_blank\" rel=\"noopener\">www.ovhcloud.com<\/a><\/p><h2>2. Objet du site<\/h2><p>Le site <strong>By Celestia<\/strong> a pour vocation de pr\u00e9senter les services de conseil, d\u2019accompagnement et de gestion de parcours VIP sur les salons technologiques internationaux. Il permet aux visiteurs de d\u00e9couvrir les offres, de prendre contact et d\u2019obtenir des informations sur les \u00e9v\u00e9nements propos\u00e9s.<\/p><h2>3. Conditions g\u00e9n\u00e9rales d\u2019utilisation<\/h2><h3>3.1 Acceptation<\/h3><p>En acc\u00e9dant au site <strong>www.by-celestia.com<\/strong>, l\u2019utilisateur reconna\u00eet avoir pris connaissance des pr\u00e9sentes conditions g\u00e9n\u00e9rales d\u2019utilisation et s\u2019engage \u00e0 les respecter.<\/p><h3>3.2 Acc\u00e8s au site<\/h3><p>Le site est accessible \u00e0 tout moment, sauf en cas de maintenance ou de force majeure. By Celestia s\u2019efforce d\u2019assurer la disponibilit\u00e9 et la s\u00e9curit\u00e9 du site, sans garantie de performance ou d\u2019exhaustivit\u00e9 des informations fournies.<\/p><h3>3.3 Propri\u00e9t\u00e9 intellectuelle<\/h3><p data-start=\"1620\" data-end=\"1892\">L\u2019ensemble des \u00e9l\u00e9ments constituant le site (textes, images, graphismes, logos, vid\u00e9os, ic\u00f4nes, sons, logiciels, structure, etc.) est prot\u00e9g\u00e9 par le <strong data-start=\"1769\" data-end=\"1808\">Code de la propri\u00e9t\u00e9 intellectuelle<\/strong> et demeure la propri\u00e9t\u00e9 exclusive de <strong>By Celestia<\/strong>, sauf mentions contraires.<\/p><p data-start=\"1894\" data-end=\"2087\">Toute reproduction, repr\u00e9sentation, modification, publication, adaptation totale ou partielle de ces \u00e9l\u00e9ments, par quelque proc\u00e9d\u00e9 que ce soit, est interdite sans autorisation \u00e9crite pr\u00e9alable.<\/p><h3>3.4 Responsabilit\u00e9s<\/h3><p>By Celestia met tout en \u0153uvre pour assurer l\u2019exactitude et la mise \u00e0 jour des informations diffus\u00e9es sur le site.<\/p><p data-start=\"2120\" data-end=\"2383\">Toutefois, elle ne saurait \u00eatre tenue responsable des erreurs, omissions ou r\u00e9sultats pouvant \u00eatre obtenus par un usage inappropri\u00e9 de ces informations.<\/p><p data-start=\"2385\" data-end=\"2474\">L\u2019utilisateur est seul responsable de l\u2019utilisation qu\u2019il fait du site et de son contenu.<\/p><h3>3.5 Liens externes<\/h3><p>Le site peut contenir des liens vers des sites tiers. By Celestia n\u2019exerce aucun contr\u00f4le sur leur contenu et d\u00e9cline toute responsabilit\u00e9 quant \u00e0 leur utilisation ou \u00e0 leurs pratiques.<\/p><h2>4. Donn\u00e9es personnelles<\/h2><p>Le traitement des donn\u00e9es personnelles est effectu\u00e9 conform\u00e9ment au <strong data-start=\"2805\" data-end=\"2877\">R\u00e8glement G\u00e9n\u00e9ral sur la Protection des Donn\u00e9es (RGPD \u2013 UE 2016\/679)<\/strong> et \u00e0 la loi \u00ab Informatique et Libert\u00e9s \u00bb.<\/p><p>Les modalit\u00e9s de collecte, d\u2019utilisation et de protection des donn\u00e9es personnelles sont d\u00e9crites dans la <a href=\"\/politique-de-confidentialite\">Politique de confidentialit\u00e9<\/a> accessible sur le site.<\/p><h2>5. Droit applicable<\/h2><p>Le pr\u00e9sent site est r\u00e9gi par le <strong data-start=\"3150\" data-end=\"3168\">droit fran\u00e7ais<\/strong>.<br data-start=\"3169\" data-end=\"3172\" \/>En cas de litige, et \u00e0 d\u00e9faut de r\u00e9solution amiable, les tribunaux fran\u00e7ais seront seuls comp\u00e9tents.<\/p>\t\t\t\t\t\t\t\t<\/div>\n\t\t\t\t\t<\/div>\n\t\t\t\t<\/div>\n\t\t<div class=\"elementor-element elementor-element-0eee54b e-flex e-con-boxed e-con e-parent\" data-id=\"0eee54b\" data-element_type=\"container\" data-e-type=\"container\">\n\t\t\t\t\t<div class=\"e-con-inner\">\n\t\t\t\t<div class=\"elementor-element elementor-element-71fb172 elementor-widget elementor-widget-spacer\" data-id=\"71fb172\" data-element_type=\"widget\" data-e-type=\"widget\" data-widget_type=\"spacer.default\">\n\t\t\t\t\t\t\t<div class=\"elementor-spacer\">\n\t\t\t<div class=\"elementor-spacer-inner\"><\/div>\n\t\t<\/div>\n\t\t\t\t\t\t<\/div>\n\t\t\t\t\t<\/div>\n\t\t\t\t<\/div>\n\t\t\t\t<\/div>\n\t\t","protected":false},"excerpt":{"rendered":"<p>1. Informations l\u00e9gales \u00c9diteur du site : By Celestia Forme juridique : Soci\u00e9t\u00e9 par Actions Simplifi\u00e9e (SAS) Capital social : 1 000 \u20ac Si\u00e8ge social : 60 Rue Fran\u00e7ois 1er, 75008 &#8211; Paris, France Adresse e-mail : contact@by-celestia.com Num\u00e9ro SIREN : 994 207 330 RCS : Paris Num\u00e9ro de TVA intracommunautaire : FR7501.994207330 Directeur de [&hellip;]<\/p>\n","protected":false},"author":1,"featured_media":0,"parent":0,"menu_order":0,"comment_status":"closed","ping_status":"closed","template":"elementor_header_footer","meta":{"footnotes":""},"class_list":["post-1145","page","type-page","status-publish","hentry"],"yoast_head":"<!-- This site is optimized with the Yoast SEO plugin v27.3 - https:\/\/yoast.com\/product\/yoast-seo-wordpress\/ -->\n<title>Mentions l\u00e9gales &amp; Conditions g\u00e9n\u00e9rales d\u2019utilisation - By Celestia<\/title>\n<meta name=\"robots\" content=\"index, follow, max-snippet:-1, max-image-preview:large, max-video-preview:-1\" \/>\n<link rel=\"canonical\" href=\"https:\/\/www.by-celestia.com\/fr\/mentions-legales-conditions-generales-dutilisation\/\" \/>\n<meta property=\"og:locale\" content=\"fr_FR\" \/>\n<meta property=\"og:type\" content=\"article\" \/>\n<meta property=\"og:title\" content=\"Mentions l\u00e9gales &amp; Conditions g\u00e9n\u00e9rales d\u2019utilisation - By Celestia\" \/>\n<meta property=\"og:description\" content=\"1. Informations l\u00e9gales \u00c9diteur du site : By Celestia Forme juridique : Soci\u00e9t\u00e9 par Actions Simplifi\u00e9e (SAS) Capital social : 1 000 \u20ac Si\u00e8ge social : 60 Rue Fran\u00e7ois 1er, 75008 &#8211; Paris, France Adresse e-mail : contact@by-celestia.com Num\u00e9ro SIREN : 994 207 330 RCS : Paris Num\u00e9ro de TVA intracommunautaire : FR7501.994207330 Directeur de [&hellip;]\" \/>\n<meta property=\"og:url\" content=\"https:\/\/www.by-celestia.com\/fr\/mentions-legales-conditions-generales-dutilisation\/\" \/>\n<meta property=\"og:site_name\" content=\"By Celestia\" \/>\n<meta property=\"article:modified_time\" content=\"2025-12-18T20:59:45+00:00\" \/>\n<meta property=\"og:image\" content=\"https:\/\/www.by-celestia.com\/wp-content\/uploads\/2025\/10\/Logo-noir-arriere-plan-blanc-1000-px.png\" \/>\n\t<meta property=\"og:image:width\" content=\"1001\" \/>\n\t<meta property=\"og:image:height\" content=\"1000\" \/>\n\t<meta property=\"og:image:type\" content=\"image\/png\" \/>\n<meta name=\"twitter:card\" content=\"summary_large_image\" \/>\n<meta name=\"twitter:label1\" content=\"Dur\u00e9e de lecture estim\u00e9e\" \/>\n\t<meta name=\"twitter:data1\" content=\"3 minutes\" \/>\n<script type=\"application\/ld+json\" class=\"yoast-schema-graph\">{\"@context\":\"https:\\\/\\\/schema.org\",\"@graph\":[{\"@type\":\"WebPage\",\"@id\":\"https:\\\/\\\/www.by-celestia.com\\\/fr\\\/mentions-legales-conditions-generales-dutilisation\\\/\",\"url\":\"https:\\\/\\\/www.by-celestia.com\\\/fr\\\/mentions-legales-conditions-generales-dutilisation\\\/\",\"name\":\"Mentions l\u00e9gales &amp; Conditions g\u00e9n\u00e9rales d\u2019utilisation - By Celestia\",\"isPartOf\":{\"@id\":\"https:\\\/\\\/www.by-celestia.com\\\/fr\\\/#website\"},\"datePublished\":\"2025-10-16T06:57:28+00:00\",\"dateModified\":\"2025-12-18T20:59:45+00:00\",\"breadcrumb\":{\"@id\":\"https:\\\/\\\/www.by-celestia.com\\\/fr\\\/mentions-legales-conditions-generales-dutilisation\\\/#breadcrumb\"},\"inLanguage\":\"fr-FR\",\"potentialAction\":[{\"@type\":\"ReadAction\",\"target\":[\"https:\\\/\\\/www.by-celestia.com\\\/fr\\\/mentions-legales-conditions-generales-dutilisation\\\/\"]}]},{\"@type\":\"BreadcrumbList\",\"@id\":\"https:\\\/\\\/www.by-celestia.com\\\/fr\\\/mentions-legales-conditions-generales-dutilisation\\\/#breadcrumb\",\"itemListElement\":[{\"@type\":\"ListItem\",\"position\":1,\"name\":\"Accueil\",\"item\":\"https:\\\/\\\/www.by-celestia.com\\\/fr\\\/\"},{\"@type\":\"ListItem\",\"position\":2,\"name\":\"Mentions l\u00e9gales &amp; Conditions g\u00e9n\u00e9rales d\u2019utilisation\"}]},{\"@type\":\"WebSite\",\"@id\":\"https:\\\/\\\/www.by-celestia.com\\\/fr\\\/#website\",\"url\":\"https:\\\/\\\/www.by-celestia.com\\\/fr\\\/\",\"name\":\"By Celestia\",\"description\":\"L\u2019excellence du voyage d\u2019affaires sur-mesure\",\"publisher\":{\"@id\":\"https:\\\/\\\/www.by-celestia.com\\\/fr\\\/#organization\"},\"potentialAction\":[{\"@type\":\"SearchAction\",\"target\":{\"@type\":\"EntryPoint\",\"urlTemplate\":\"https:\\\/\\\/www.by-celestia.com\\\/fr\\\/?s={search_term_string}\"},\"query-input\":{\"@type\":\"PropertyValueSpecification\",\"valueRequired\":true,\"valueName\":\"search_term_string\"}}],\"inLanguage\":\"fr-FR\"},{\"@type\":\"Organization\",\"@id\":\"https:\\\/\\\/www.by-celestia.com\\\/fr\\\/#organization\",\"name\":\"By Celestia\",\"url\":\"https:\\\/\\\/www.by-celestia.com\\\/fr\\\/\",\"logo\":{\"@type\":\"ImageObject\",\"inLanguage\":\"fr-FR\",\"@id\":\"https:\\\/\\\/www.by-celestia.com\\\/fr\\\/#\\\/schema\\\/logo\\\/image\\\/\",\"url\":\"https:\\\/\\\/www.by-celestia.com\\\/wp-content\\\/uploads\\\/2025\\\/10\\\/Logo-noir-arriere-plan-blanc-500-px.png\",\"contentUrl\":\"https:\\\/\\\/www.by-celestia.com\\\/wp-content\\\/uploads\\\/2025\\\/10\\\/Logo-noir-arriere-plan-blanc-500-px.png\",\"width\":500,\"height\":500,\"caption\":\"By Celestia\"},\"image\":{\"@id\":\"https:\\\/\\\/www.by-celestia.com\\\/fr\\\/#\\\/schema\\\/logo\\\/image\\\/\"}}]}<\/script>\n<!-- \/ Yoast SEO plugin. -->","yoast_head_json":{"title":"Mentions l\u00e9gales &amp; Conditions g\u00e9n\u00e9rales d\u2019utilisation - By Celestia","robots":{"index":"index","follow":"follow","max-snippet":"max-snippet:-1","max-image-preview":"max-image-preview:large","max-video-preview":"max-video-preview:-1"},"canonical":"https:\/\/www.by-celestia.com\/fr\/mentions-legales-conditions-generales-dutilisation\/","og_locale":"fr_FR","og_type":"article","og_title":"Mentions l\u00e9gales &amp; Conditions g\u00e9n\u00e9rales d\u2019utilisation - By Celestia","og_description":"1. Informations l\u00e9gales \u00c9diteur du site : By Celestia Forme juridique : Soci\u00e9t\u00e9 par Actions Simplifi\u00e9e (SAS) Capital social : 1 000 \u20ac Si\u00e8ge social : 60 Rue Fran\u00e7ois 1er, 75008 &#8211; Paris, France Adresse e-mail : contact@by-celestia.com Num\u00e9ro SIREN : 994 207 330 RCS : Paris Num\u00e9ro de TVA intracommunautaire : FR7501.994207330 Directeur de [&hellip;]","og_url":"https:\/\/www.by-celestia.com\/fr\/mentions-legales-conditions-generales-dutilisation\/","og_site_name":"By Celestia","article_modified_time":"2025-12-18T20:59:45+00:00","og_image":[{"width":1001,"height":1000,"url":"https:\/\/www.by-celestia.com\/wp-content\/uploads\/2025\/10\/Logo-noir-arriere-plan-blanc-1000-px.png","type":"image\/png"}],"twitter_card":"summary_large_image","twitter_misc":{"Dur\u00e9e de lecture estim\u00e9e":"3 minutes"},"schema":{"@context":"https:\/\/schema.org","@graph":[{"@type":"WebPage","@id":"https:\/\/www.by-celestia.com\/fr\/mentions-legales-conditions-generales-dutilisation\/","url":"https:\/\/www.by-celestia.com\/fr\/mentions-legales-conditions-generales-dutilisation\/","name":"Mentions l\u00e9gales &amp; Conditions g\u00e9n\u00e9rales d\u2019utilisation - By Celestia","isPartOf":{"@id":"https:\/\/www.by-celestia.com\/fr\/#website"},"datePublished":"2025-10-16T06:57:28+00:00","dateModified":"2025-12-18T20:59:45+00:00","breadcrumb":{"@id":"https:\/\/www.by-celestia.com\/fr\/mentions-legales-conditions-generales-dutilisation\/#breadcrumb"},"inLanguage":"fr-FR","potentialAction":[{"@type":"ReadAction","target":["https:\/\/www.by-celestia.com\/fr\/mentions-legales-conditions-generales-dutilisation\/"]}]},{"@type":"BreadcrumbList","@id":"https:\/\/www.by-celestia.com\/fr\/mentions-legales-conditions-generales-dutilisation\/#breadcrumb","itemListElement":[{"@type":"ListItem","position":1,"name":"Accueil","item":"https:\/\/www.by-celestia.com\/fr\/"},{"@type":"ListItem","position":2,"name":"Mentions l\u00e9gales &amp; Conditions g\u00e9n\u00e9rales d\u2019utilisation"}]},{"@type":"WebSite","@id":"https:\/\/www.by-celestia.com\/fr\/#website","url":"https:\/\/www.by-celestia.com\/fr\/","name":"By Celestia","description":"L\u2019excellence du voyage d\u2019affaires sur-mesure","publisher":{"@id":"https:\/\/www.by-celestia.com\/fr\/#organization"},"potentialAction":[{"@type":"SearchAction","target":{"@type":"EntryPoint","urlTemplate":"https:\/\/www.by-celestia.com\/fr\/?s={search_term_string}"},"query-input":{"@type":"PropertyValueSpecification","valueRequired":true,"valueName":"search_term_string"}}],"inLanguage":"fr-FR"},{"@type":"Organization","@id":"https:\/\/www.by-celestia.com\/fr\/#organization","name":"By Celestia","url":"https:\/\/www.by-celestia.com\/fr\/","logo":{"@type":"ImageObject","inLanguage":"fr-FR","@id":"https:\/\/www.by-celestia.com\/fr\/#\/schema\/logo\/image\/","url":"https:\/\/www.by-celestia.com\/wp-content\/uploads\/2025\/10\/Logo-noir-arriere-plan-blanc-500-px.png","contentUrl":"https:\/\/www.by-celestia.com\/wp-content\/uploads\/2025\/10\/Logo-noir-arriere-plan-blanc-500-px.png","width":500,"height":500,"caption":"By Celestia"},"image":{"@id":"https:\/\/www.by-celestia.com\/fr\/#\/schema\/logo\/image\/"}}]}},"_links":{"self":[{"href":"https:\/\/www.by-celestia.com\/fr\/wp-json\/wp\/v2\/pages\/1145","targetHints":{"allow":["GET"]}}],"collection":[{"href":"https:\/\/www.by-celestia.com\/fr\/wp-json\/wp\/v2\/pages"}],"about":[{"href":"https:\/\/www.by-celestia.com\/fr\/wp-json\/wp\/v2\/types\/page"}],"author":[{"embeddable":true,"href":"https:\/\/www.by-celestia.com\/fr\/wp-json\/wp\/v2\/users\/1"}],"replies":[{"embeddable":true,"href":"https:\/\/www.by-celestia.com\/fr\/wp-json\/wp\/v2\/comments?post=1145"}],"version-history":[{"count":16,"href":"https:\/\/www.by-celestia.com\/fr\/wp-json\/wp\/v2\/pages\/1145\/revisions"}],"predecessor-version":[{"id":3476,"href":"https:\/\/www.by-celestia.com\/fr\/wp-json\/wp\/v2\/pages\/1145\/revisions\/3476"}],"wp:attachment":[{"href":"https:\/\/www.by-celestia.com\/fr\/wp-json\/wp\/v2\/media?parent=1145"}],"curies":[{"name":"wp","href":"https:\/\/api.w.org\/{rel}","templated":true}]}}